{"id":2,"date":"2025-10-25T13:24:17","date_gmt":"2025-10-25T13:24:17","guid":{"rendered":"https:\/\/manuelle.com.br\/?page_id=2"},"modified":"2026-01-08T16:50:43","modified_gmt":"2026-01-08T19:50:43","slug":"rsvp-mb15","status":"publish","type":"page","link":"https:\/\/manuelle.com.br\/?page_id=2","title":{"rendered":"RSVP #MB15"},"content":{"rendered":"<div data-colibri-id=\"2-c1\" class=\"style-313 style-local-2-c1 position-relative\">\n  <!---->\n  <div data-colibri-component=\"section\" data-colibri-id=\"2-c2\" id=\"initial-content\" class=\"h-section h-section-global-spacing d-flex align-items-lg-center align-items-md-center align-items-center style-314 style-local-2-c2 position-relative\">\n    <!---->\n    <!---->\n    <div class=\"h-section-grid-container h-section-boxed-container\">\n      <!---->\n      <div data-colibri-id=\"2-c3\" class=\"h-row-container gutters-row-lg-2 gutters-row-md-2 gutters-row-0 gutters-row-v-lg-2 gutters-row-v-md-2 gutters-row-v-2 style-315 style-local-2-c3 position-relative\">\n        <!---->\n        <div class=\"h-row justify-content-lg-center justify-content-md-center justify-content-center align-items-lg-stretch align-items-md-stretch align-items-stretch gutters-col-lg-2 gutters-col-md-2 gutters-col-0 gutters-col-v-lg-2 gutters-col-v-md-2 gutters-col-v-2\">\n          <!---->\n          <div class=\"h-column h-column-container d-flex h-col-lg-auto h-col-md-auto h-col-auto style-316-outer style-local-2-c4-outer\">\n            <div data-colibri-id=\"2-c4\" class=\"d-flex h-flex-basis h-column__inner h-px-lg-2 h-px-md-2 h-px-2 v-inner-lg-2 v-inner-md-2 v-inner-2 style-316 style-local-2-c4 position-relative\">\n              <!---->\n              <!---->\n              <div class=\"w-100 h-y-container h-column__content h-column__v-align flex-basis-100 align-self-lg-start align-self-md-start align-self-start\">\n                <!---->\n                <div data-colibri-id=\"2-c5\" class=\"style-317 style-local-2-c5 position-relative h-element\">\n                  <!---->\n                  <div>\n                    \n                    <p class=\"has-text-align-center\"><a name=\"rsvpArea\" id=\"rsvpArea\"><\/a><p class=\"rsvpParagraph\">Infelizmente n\u00e3o h\u00e1 como confirmar sua presen\u00e7a. As confirma\u00e7\u00f5es j\u00e1 foram encerradas!<\/p>\r\n &nbsp;<\/p>\n                    \n\n                    \n                  <\/div>\n                <\/div>\n              <\/div>\n            <\/div>\n          <\/div>\n        <\/div>\n      <\/div>\n    <\/div>\n  <\/div>\n  <div data-colibri-component=\"section\" data-colibri-id=\"2-c6\" id=\"custom\" class=\"h-section h-section-global-spacing d-flex align-items-lg-center align-items-md-center align-items-center style-318 style-local-2-c6 position-relative\">\n    <!---->\n    <!---->\n    <div class=\"h-section-grid-container h-section-fluid-container\">\n      <!---->\n      <div data-colibri-id=\"2-c7\" class=\"h-row-container gutters-row-lg-2 gutters-row-md-2 gutters-row-0 gutters-row-v-lg-2 gutters-row-v-md-2 gutters-row-v-2 style-321 style-local-2-c7 position-relative\">\n        <!---->\n        <div class=\"h-row justify-content-lg-center justify-content-md-center justify-content-center align-items-lg-stretch align-items-md-stretch align-items-stretch gutters-col-lg-2 gutters-col-md-2 gutters-col-0 gutters-col-v-lg-2 gutters-col-v-md-2 gutters-col-v-2\">\n          <!---->\n          <div class=\"h-column h-column-container d-flex h-col-lg-auto h-col-md-auto h-col-auto style-322-outer style-local-2-c8-outer\">\n            <div data-colibri-id=\"2-c8\" class=\"d-flex h-flex-basis h-column__inner h-px-lg-2 h-px-md-2 h-px-2 v-inner-lg-2 v-inner-md-2 v-inner-2 style-322 style-local-2-c8 position-relative\">\n              <!---->\n              <!---->\n              <div class=\"w-100 h-y-container h-column__content h-column__v-align flex-basis-100 align-self-lg-start align-self-md-start align-self-start\">\n                <!---->\n                <div data-colibri-id=\"2-c9\" class=\"h-text h-text-component style-323 style-local-2-c9 position-relative h-element\">\n                  <!---->\n                  <!---->\n                  <div class=\"\">\n                    <div class=\"gwcountdown-wrapper gwcountdown-style-grid\" style=\"font-family:Didot, serif; font-size:28px; font-weight:bold; text-align:center; color:#eaeaea; --gwcountdown-bg:#070707;\">#MB15!<\/div>\n                  <\/div>\n                <\/div>\n              <\/div>\n            <\/div>\n          <\/div>\n        <\/div>\n      <\/div>\n    <\/div>\n  <\/div>\n<\/div>","protected":false},"excerpt":{"rendered":"<p>&nbsp; [&hellip;]<\/p>\n","protected":false},"author":1,"featured_media":0,"parent":0,"menu_order":0,"comment_status":"closed","ping_status":"closed","template":"page-templates\/full-width-page.php","meta":{"footnotes":""},"class_list":["post-2","page","type-page","status-publish","hentry"],"yoast_head":"<!-- This site is optimized with the Yoast SEO plugin v26.6 - https:\/\/yoast.com\/wordpress\/plugins\/seo\/ -->\n<title>RSVP #MB15 - #MB15<\/title>\n<meta name=\"robots\" content=\"noindex, follow, max-snippet:-1, max-image-preview:large, max-video-preview:-1\" \/>\n<meta property=\"og:locale\" content=\"pt_BR\" \/>\n<meta property=\"og:type\" content=\"article\" \/>\n<meta property=\"og:title\" content=\"RSVP #MB15 - #MB15\" \/>\n<meta property=\"og:description\" content=\"&nbsp; [&hellip;]\" \/>\n<meta property=\"og:url\" content=\"https:\/\/manuelle.com.br\/?page_id=2\" \/>\n<meta property=\"og:site_name\" content=\"#MB15\" \/>\n<meta property=\"article:modified_time\" content=\"2026-01-08T19:50:43+00:00\" \/>\n<meta name=\"twitter:card\" content=\"summary_large_image\" \/>\n<meta name=\"twitter:label1\" content=\"Est. tempo de leitura\" \/>\n\t<meta name=\"twitter:data1\" content=\"1 minuto\" \/>\n<script type=\"application\/ld+json\" class=\"yoast-schema-graph\">{\"@context\":\"https:\/\/schema.org\",\"@graph\":[{\"@type\":\"WebPage\",\"@id\":\"https:\/\/manuelle.com.br\/?page_id=2\",\"url\":\"https:\/\/manuelle.com.br\/?page_id=2\",\"name\":\"RSVP #MB15 - #MB15\",\"isPartOf\":{\"@id\":\"https:\/\/manuelle.com.br\/#website\"},\"datePublished\":\"2025-10-25T13:24:17+00:00\",\"dateModified\":\"2026-01-08T19:50:43+00:00\",\"breadcrumb\":{\"@id\":\"https:\/\/manuelle.com.br\/?page_id=2#breadcrumb\"},\"inLanguage\":\"pt-BR\",\"potentialAction\":[{\"@type\":\"ReadAction\",\"target\":[\"https:\/\/manuelle.com.br\/?page_id=2\"]}]},{\"@type\":\"BreadcrumbList\",\"@id\":\"https:\/\/manuelle.com.br\/?page_id=2#breadcrumb\",\"itemListElement\":[{\"@type\":\"ListItem\",\"position\":1,\"name\":\"In\u00edcio\",\"item\":\"https:\/\/manuelle.com.br\/\"},{\"@type\":\"ListItem\",\"position\":2,\"name\":\"RSVP #MB15\"}]},{\"@type\":\"WebSite\",\"@id\":\"https:\/\/manuelle.com.br\/#website\",\"url\":\"https:\/\/manuelle.com.br\/\",\"name\":\"#MB15\",\"description\":\"\",\"potentialAction\":[{\"@type\":\"SearchAction\",\"target\":{\"@type\":\"EntryPoint\",\"urlTemplate\":\"https:\/\/manuelle.com.br\/?s={search_term_string}\"},\"query-input\":{\"@type\":\"PropertyValueSpecification\",\"valueRequired\":true,\"valueName\":\"search_term_string\"}}],\"inLanguage\":\"pt-BR\"}]}<\/script>\n<!-- \/ Yoast SEO plugin. -->","yoast_head_json":{"title":"RSVP #MB15 - #MB15","robots":{"index":"noindex","follow":"follow","max-snippet":"max-snippet:-1","max-image-preview":"max-image-preview:large","max-video-preview":"max-video-preview:-1"},"og_locale":"pt_BR","og_type":"article","og_title":"RSVP #MB15 - #MB15","og_description":"&nbsp; [&hellip;]","og_url":"https:\/\/manuelle.com.br\/?page_id=2","og_site_name":"#MB15","article_modified_time":"2026-01-08T19:50:43+00:00","twitter_card":"summary_large_image","twitter_misc":{"Est. tempo de leitura":"1 minuto"},"schema":{"@context":"https:\/\/schema.org","@graph":[{"@type":"WebPage","@id":"https:\/\/manuelle.com.br\/?page_id=2","url":"https:\/\/manuelle.com.br\/?page_id=2","name":"RSVP #MB15 - #MB15","isPartOf":{"@id":"https:\/\/manuelle.com.br\/#website"},"datePublished":"2025-10-25T13:24:17+00:00","dateModified":"2026-01-08T19:50:43+00:00","breadcrumb":{"@id":"https:\/\/manuelle.com.br\/?page_id=2#breadcrumb"},"inLanguage":"pt-BR","potentialAction":[{"@type":"ReadAction","target":["https:\/\/manuelle.com.br\/?page_id=2"]}]},{"@type":"BreadcrumbList","@id":"https:\/\/manuelle.com.br\/?page_id=2#breadcrumb","itemListElement":[{"@type":"ListItem","position":1,"name":"In\u00edcio","item":"https:\/\/manuelle.com.br\/"},{"@type":"ListItem","position":2,"name":"RSVP #MB15"}]},{"@type":"WebSite","@id":"https:\/\/manuelle.com.br\/#website","url":"https:\/\/manuelle.com.br\/","name":"#MB15","description":"","potentialAction":[{"@type":"SearchAction","target":{"@type":"EntryPoint","urlTemplate":"https:\/\/manuelle.com.br\/?s={search_term_string}"},"query-input":{"@type":"PropertyValueSpecification","valueRequired":true,"valueName":"search_term_string"}}],"inLanguage":"pt-BR"}]}},"_links":{"self":[{"href":"https:\/\/manuelle.com.br\/index.php?rest_route=\/wp\/v2\/pages\/2","targetHints":{"allow":["GET"]}}],"collection":[{"href":"https:\/\/manuelle.com.br\/index.php?rest_route=\/wp\/v2\/pages"}],"about":[{"href":"https:\/\/manuelle.com.br\/index.php?rest_route=\/wp\/v2\/types\/page"}],"author":[{"embeddable":true,"href":"https:\/\/manuelle.com.br\/index.php?rest_route=\/wp\/v2\/users\/1"}],"replies":[{"embeddable":true,"href":"https:\/\/manuelle.com.br\/index.php?rest_route=%2Fwp%2Fv2%2Fcomments&post=2"}],"version-history":[{"count":20,"href":"https:\/\/manuelle.com.br\/index.php?rest_route=\/wp\/v2\/pages\/2\/revisions"}],"predecessor-version":[{"id":565,"href":"https:\/\/manuelle.com.br\/index.php?rest_route=\/wp\/v2\/pages\/2\/revisions\/565"}],"wp:attachment":[{"href":"https:\/\/manuelle.com.br\/index.php?rest_route=%2Fwp%2Fv2%2Fmedia&parent=2"}],"curies":[{"name":"wp","href":"https:\/\/api.w.org\/{rel}","templated":true}]}}